{"id":3461,"date":"2024-03-28T00:08:54","date_gmt":"2024-03-28T00:08:54","guid":{"rendered":"https:\/\/bwotministry.org\/?page_id=3461"},"modified":"2024-03-28T00:21:15","modified_gmt":"2024-03-28T00:21:15","slug":"international-churches","status":"publish","type":"page","link":"https:\/\/bwotministry.org\/es\/expertise\/international-churches\/","title":{"rendered":"International Churches"},"content":{"rendered":"<div class=\"fusion-fullwidth fullwidth-box fusion-builder-row-1 fusion-flex-container has-pattern-background has-mask-background nonhundred-percent-fullwidth non-hundred-percent-height-scrolling\" style=\"--awb-border-radius-top-left:0px;--awb-border-radius-top-right:0px;--awb-border-radius-bottom-right:0px;--awb-border-radius-bottom-left:0px;--awb-margin-top:60px;--awb-flex-wrap:wrap;\" ><div class=\"fusion-builder-row fusion-row fusion-flex-align-items-flex-start fusion-flex-content-wrap\" style=\"max-width:1372.8px;margin-left: calc(-4% \/ 2 );margin-right: calc(-4% \/ 2 );\"><div class=\"fusion-layout-column fusion_builder_column fusion-builder-column-0 fusion_builder_column_1_1 1_1 fusion-flex-column\" style=\"--awb-bg-size:cover;--awb-width-large:100%;--awb-margin-top-large:0px;--awb-spacing-right-large:1.92%;--awb-margin-bottom-large:20px;--awb-spacing-left-large:1.92%;--awb-width-medium:100%;--awb-order-medium:0;--awb-spacing-right-medium:1.92%;--awb-spacing-left-medium:1.92%;--awb-width-small:100%;--awb-order-small:0;--awb-spacing-right-small:1.92%;--awb-spacing-left-small:1.92%;\"><div class=\"fusion-column-wrapper fusion-column-has-shadow fusion-flex-justify-content-flex-start fusion-content-layout-column\"><div class=\"fusion-title title fusion-title-1 fusion-sep-none fusion-title-text fusion-title-size-one\" style=\"--awb-margin-top-small:10px;--awb-margin-right-small:0px;--awb-margin-bottom-small:10px;--awb-margin-left-small:0px;\"><h1 class=\"fusion-title-heading title-heading-left\" style=\"margin:0;\"><p class=\"elementor-heading-title elementor-size-default\">International Churches, Revised March 2024<\/p><\/h1><\/div><div class=\"fusion-text fusion-text-1\"><p>Currently we have International Churches who are already in function in different nations such as Nicaragua, Honduras, Dominican Republic and Colombia; other regional directors are in gestation, which is the case of Brazil.<\/p>\n<\/div><\/div><\/div><div class=\"fusion-layout-column fusion_builder_column fusion-builder-column-1 fusion_builder_column_1_1 1_1 fusion-flex-column\" style=\"--awb-bg-size:cover;--awb-width-large:100%;--awb-margin-top-large:0px;--awb-spacing-right-large:1.92%;--awb-margin-bottom-large:20px;--awb-spacing-left-large:1.92%;--awb-width-medium:100%;--awb-order-medium:0;--awb-spacing-right-medium:1.92%;--awb-spacing-left-medium:1.92%;--awb-width-small:100%;--awb-order-small:0;--awb-spacing-right-small:1.92%;--awb-spacing-left-small:1.92%;\"><div class=\"fusion-column-wrapper fusion-column-has-shadow fusion-flex-justify-content-flex-start fusion-content-layout-column\"><div class=\"fusion-content-boxes content-boxes columns row fusion-columns-3 fusion-columns-total-3 fusion-content-boxes-1 content-boxes-icon-with-title content-left has-flex-alignment fusion-delayed-animation\" style=\"--awb-backgroundcolor:rgba(13,133,231,0.05);--awb-border-radius-top-left:5px;--awb-border-radius-top-right:5px;--awb-border-radius-bottom-right:5px;--awb-border-radius-bottom-left:5px;--awb-alignment:stretch;--awb-body-color:#424242;--awb-title-color:#0f0f0f;--awb-iconcolor:#0d85e8;--awb-iconcolor-hover:#ffffff;--awb-circlecolor-hover:#1dd485;--awb-margin-top:15px;--awb-hover-accent-color:#0d85e8;--awb-circle-hover-accent-color:#0d85e8;\" data-animation-delay=\"1000\" data-animationoffset=\"top-into-view\"><div style=\"--awb-backgroundcolor:rgba(13,133,231,0.05);--awb-iconcolor:#0d85e8;--awb-iconcolor-hover:#ffffff;--awb-circlecolor-hover:#1dd485;\" class=\"fusion-column content-box-column content-box-column content-box-column-1 col-lg-4 col-md-4 col-sm-4 fusion-content-box-hover content-box-column-first-in-row\"><div class=\"col content-box-wrapper content-wrapper-background link-area-link-icon link-type-button-bar icon-hover-animation-fade fusion-animated\" data-animationtype=\"fadeInUp\" data-animationduration=\"1.2\" data-animationoffset=\"top-into-view\"><div class=\"heading heading-with-icon icon-left\"><a class=\"heading-link\" style=\"float:left;\" href=\"#\" target=\"_self\"><div class=\"icon\" style=\"-webkit-animation-duration: 1000ms;animation-duration: 1000ms;\"><i style=\"border-color:var(--awb-color8);border-width:0px;background-color:rgba(13,133,231,0.1);box-sizing:content-box;height:58px;width:58px;line-height:58px;border-radius:5px;font-size:29px;\" aria-hidden=\"true\" class=\"fontawesome-icon fa-bible fas circle-yes\"><\/i><\/div><h2 class=\"content-box-heading\" style=\"--h2_typography-font-size:23px;line-height:28px;\">BWOT Enmanuel, Comayagua<\/h2><\/a><\/div><div class=\"fusion-clearfix\"><\/div><div class=\"content-container\">\n<p><strong>Pastores: Freddy &amp; Diana Zavala<\/strong><\/p>\n<p class=\"p1\">Residencial Brisas de Altamira Comayagua, tercera call\u00e9, izquierda despu\u00e9s de escuela Saint John casa color amarillo trigo calle al volc\u00e1n.<\/p>\n<\/div><div class=\"fusion-clearfix\"><\/div><a class=\"fusion-read-more fusion-button-bar\" style=\"float:left;\" href=\"#\" target=\"_self\">Read More<\/a><div class=\"fusion-clearfix\"><\/div><\/div><\/div><div style=\"--awb-backgroundcolor:rgba(13,133,231,0.05);--awb-iconcolor:#0d85e8;--awb-iconcolor-hover:#ffffff;--awb-circlecolor-hover:#1dd485;\" class=\"fusion-column content-box-column content-box-column content-box-column-2 col-lg-4 col-md-4 col-sm-4 fusion-content-box-hover\"><div class=\"col content-box-wrapper content-wrapper-background link-area-link-icon link-type-button-bar icon-hover-animation-fade fusion-animated\" data-animationtype=\"fadeInUp\" data-animationduration=\"1.2\" data-animationoffset=\"top-into-view\"><div class=\"heading heading-with-icon icon-left\"><a class=\"heading-link\" style=\"float:left;\" href=\"#\" target=\"_self\"><div class=\"icon\" style=\"-webkit-animation-duration: 1000ms;animation-duration: 1000ms;\"><i style=\"border-color:var(--awb-color8);border-width:0px;background-color:rgba(13,133,231,0.1);box-sizing:content-box;height:58px;width:58px;line-height:58px;border-radius:5px;font-size:29px;\" aria-hidden=\"true\" class=\"fontawesome-icon fa-church fas circle-yes\"><\/i><\/div><h2 class=\"content-box-heading\" style=\"--h2_typography-font-size:23px;line-height:28px;\">BWOT Enmanuel, San Pedro Sula<\/h2><\/a><\/div><div class=\"fusion-clearfix\"><\/div><div class=\"content-container\">\n<p class=\"p1\"><strong>Pastores: Roger &amp; Wendy Rodr\u00edguez<\/strong><\/p>\n<p class=\"p1\">San Pedro Sula, Cort\u00e9s, Residencial Los Naranjos, Bloque 9, Casa 10<\/p>\n<\/div><div class=\"fusion-clearfix\"><\/div><a class=\"fusion-read-more fusion-button-bar\" style=\"float:left;\" href=\"#\" target=\"_self\">Read More<\/a><div class=\"fusion-clearfix\"><\/div><\/div><\/div><div style=\"--awb-backgroundcolor:rgba(13,133,231,0.05);--awb-iconcolor:#0d85e8;--awb-iconcolor-hover:#ffffff;--awb-circlecolor-hover:#1dd485;\" class=\"fusion-column content-box-column content-box-column content-box-column-3 col-lg-4 col-md-4 col-sm-4 fusion-content-box-hover content-box-column-last content-box-column-last-in-row\"><div class=\"col content-box-wrapper content-wrapper-background link-area-link-icon link-type-button-bar icon-hover-animation-fade fusion-animated\" data-animationtype=\"fadeInUp\" data-animationduration=\"1.2\" data-animationoffset=\"top-into-view\"><div class=\"heading heading-with-icon icon-left\"><a class=\"heading-link\" style=\"float:left;\" href=\"#\" target=\"_self\"><div class=\"icon\" style=\"-webkit-animation-duration: 1000ms;animation-duration: 1000ms;\"><i style=\"border-color:var(--awb-color8);border-width:0px;background-color:rgba(13,133,231,0.1);box-sizing:content-box;height:58px;width:58px;line-height:58px;border-radius:5px;font-size:29px;\" aria-hidden=\"true\" class=\"fontawesome-icon fa-bible fas circle-yes\"><\/i><\/div><h2 class=\"content-box-heading\" style=\"--h2_typography-font-size:23px;line-height:28px;\">BWOT Enmanuel, El List\u00f3n<\/h2><\/a><\/div><div class=\"fusion-clearfix\"><\/div><div class=\"content-container\">\n<p class=\"p1\"><strong>Pastores: Gilberto &amp; Eduarda Mart\u00ednez<\/strong><\/p>\n<p class=\"p1\">Aldea Concepci\u00f3n de List\u00f3n, Calle principal, Quimistan, Santa B\u00e1rbara.<\/p>\n<\/div><div class=\"fusion-clearfix\"><\/div><a class=\"fusion-read-more fusion-button-bar\" style=\"float:left;\" href=\"#\" target=\"_self\">Read More<\/a><div class=\"fusion-clearfix\"><\/div><\/div><\/div><div class=\"fusion-clearfix\"><\/div><\/div><div class=\"fusion-content-boxes content-boxes columns row fusion-columns-3 fusion-columns-total-2 fusion-content-boxes-2 content-boxes-icon-with-title content-left has-flex-alignment fusion-delayed-animation\" style=\"--awb-backgroundcolor:rgba(13,133,231,0.05);--awb-border-radius-top-left:5px;--awb-border-radius-top-right:5px;--awb-border-radius-bottom-right:5px;--awb-border-radius-bottom-left:5px;--awb-alignment:stretch;--awb-body-color:#424242;--awb-title-color:#0f0f0f;--awb-iconcolor:#0d85e8;--awb-iconcolor-hover:#ffffff;--awb-circlecolor-hover:#1dd485;--awb-margin-top:15px;--awb-hover-accent-color:#0d85e8;--awb-circle-hover-accent-color:#0d85e8;\" data-animation-delay=\"1000\" data-animationoffset=\"top-into-view\"><div style=\"--awb-backgroundcolor:rgba(13,133,231,0.05);--awb-iconcolor:#0d85e8;--awb-iconcolor-hover:#ffffff;--awb-circlecolor-hover:#1dd485;\" class=\"fusion-column content-box-column content-box-column content-box-column-1 col-lg-4 col-md-4 col-sm-4 fusion-content-box-hover content-box-column-first-in-row\"><div class=\"col content-box-wrapper content-wrapper-background link-area-link-icon link-type-button-bar icon-hover-animation-fade fusion-animated\" data-animationtype=\"fadeInUp\" data-animationduration=\"1.2\" data-animationoffset=\"top-into-view\"><div class=\"heading heading-with-icon icon-left\"><a class=\"heading-link\" style=\"float:left;\" href=\"#\" target=\"_self\"><div class=\"icon\" style=\"-webkit-animation-duration: 1000ms;animation-duration: 1000ms;\"><i style=\"border-color:var(--awb-color8);border-width:0px;background-color:rgba(13,133,231,0.1);box-sizing:content-box;height:58px;width:58px;line-height:58px;border-radius:5px;font-size:29px;\" aria-hidden=\"true\" class=\"fontawesome-icon fa-bible fas circle-yes\"><\/i><\/div><h2 class=\"content-box-heading\" style=\"--h2_typography-font-size:23px;line-height:28px;\">BWOT Enmanuel, San Mart\u00edn<\/h2><\/a><\/div><div class=\"fusion-clearfix\"><\/div><div class=\"content-container\">\n<p class=\"p1\"><strong>Pastores: Gilberto &amp; Eduarda Mart\u00ednez<\/strong><\/p>\n<p class=\"p1\">San Mart\u00edn,Quimistan, Santa B\u00e1rbara<\/p>\n<\/div><div class=\"fusion-clearfix\"><\/div><a class=\"fusion-read-more fusion-button-bar\" style=\"float:left;\" href=\"#\" target=\"_self\">Read More<\/a><div class=\"fusion-clearfix\"><\/div><\/div><\/div><div style=\"--awb-backgroundcolor:rgba(13,133,231,0.05);--awb-iconcolor:#0d85e8;--awb-iconcolor-hover:#ffffff;--awb-circlecolor-hover:#1dd485;\" class=\"fusion-column content-box-column content-box-column content-box-column-2 col-lg-4 col-md-4 col-sm-4 fusion-content-box-hover content-box-column-last\"><div class=\"col content-box-wrapper content-wrapper-background link-area-link-icon link-type-button-bar icon-hover-animation-fade fusion-animated\" data-animationtype=\"fadeInUp\" data-animationduration=\"1.2\" data-animationoffset=\"top-into-view\"><div class=\"heading heading-with-icon icon-left\"><a class=\"heading-link\" style=\"float:left;\" href=\"#\" target=\"_self\"><div class=\"icon\" style=\"-webkit-animation-duration: 1000ms;animation-duration: 1000ms;\"><i style=\"border-color:var(--awb-color8);border-width:0px;background-color:rgba(13,133,231,0.1);box-sizing:content-box;height:58px;width:58px;line-height:58px;border-radius:5px;font-size:29px;\" aria-hidden=\"true\" class=\"fontawesome-icon fa-church fas circle-yes\"><\/i><\/div><h2 class=\"content-box-heading\" style=\"--h2_typography-font-size:23px;line-height:28px;\">BWOT Enmanuel, Cort\u00e9s<\/h2><\/a><\/div><div class=\"fusion-clearfix\"><\/div><div class=\"content-container\">\n<p class=\"p1\"><strong>Pastora: Yasmin Dariela Rodr\u00edguez<\/strong><\/p>\n<p class=\"p1\">Dos Caminos, Villanueva Cort\u00e9s, Colonia Jes\u00fas de Nazaret, calle principal.<\/p>\n<\/div><div class=\"fusion-clearfix\"><\/div><a class=\"fusion-read-more fusion-button-bar\" style=\"float:left;\" href=\"#\" target=\"_self\">Read More<\/a><div class=\"fusion-clearfix\"><\/div><\/div><\/div><div class=\"fusion-clearfix\"><\/div><\/div><\/div><\/div><\/div><\/div>","protected":false},"excerpt":{"rendered":"","protected":false},"author":1,"featured_media":0,"parent":1018,"menu_order":0,"comment_status":"closed","ping_status":"closed","template":"100-width.php","meta":{"footnotes":""},"class_list":["post-3461","page","type-page","status-publish","hentry"],"_links":{"self":[{"href":"https:\/\/bwotministry.org\/es\/wp-json\/wp\/v2\/pages\/3461","targetHints":{"allow":["GET"]}}],"collection":[{"href":"https:\/\/bwotministry.org\/es\/wp-json\/wp\/v2\/pages"}],"about":[{"href":"https:\/\/bwotministry.org\/es\/wp-json\/wp\/v2\/types\/page"}],"author":[{"embeddable":true,"href":"https:\/\/bwotministry.org\/es\/wp-json\/wp\/v2\/users\/1"}],"replies":[{"embeddable":true,"href":"https:\/\/bwotministry.org\/es\/wp-json\/wp\/v2\/comments?post=3461"}],"version-history":[{"count":6,"href":"https:\/\/bwotministry.org\/es\/wp-json\/wp\/v2\/pages\/3461\/revisions"}],"predecessor-version":[{"id":3468,"href":"https:\/\/bwotministry.org\/es\/wp-json\/wp\/v2\/pages\/3461\/revisions\/3468"}],"up":[{"embeddable":true,"href":"https:\/\/bwotministry.org\/es\/wp-json\/wp\/v2\/pages\/1018"}],"wp:attachment":[{"href":"https:\/\/bwotministry.org\/es\/wp-json\/wp\/v2\/media?parent=3461"}],"curies":[{"name":"wp","href":"https:\/\/api.w.org\/{rel}","templated":true}]}}